{"id":85,"date":"2023-03-09T12:53:47","date_gmt":"2023-03-09T12:53:47","guid":{"rendered":"https:\/\/tecnologia.vamtam.com\/?page_id=85"},"modified":"2023-06-25T13:05:47","modified_gmt":"2023-06-25T13:05:47","slug":"chisiamo","status":"publish","type":"page","link":"https:\/\/tecnourbisacademy.it\/index.php\/chisiamo\/","title":{"rendered":"Chi siamo"},"content":{"rendered":"\t\t<div data-elementor-type=\"wp-page\" data-elementor-id=\"85\" class=\"elementor elementor-85\">\n\t\t\t\t\t\t<section class=\"elementor-section elementor-top-section elementor-element elementor-element-8802642 elementor-section-boxed elementor-section-height-default elementor-section-height-default\" data-id=\"8802642\" data-element_type=\"section\" data-e-type=\"section\">\n\t\t\t\t\t\t<div class=\"elementor-container elementor-column-gap-default\">\n\t\t\t\t\t<div class=\"elementor-column elementor-col-100 elementor-top-column elementor-element elementor-element-da9293b\" data-id=\"da9293b\" data-element_type=\"column\" data-e-type=\"column\">\n\t\t\t<div class=\"elementor-widget-wrap elementor-element-populated\">\n\t\t\t\t\t\t<div class=\"elementor-element elementor-element-0f1c76b animated-slow elementor-invisible elementor-widget elementor-widget-heading\" data-id=\"0f1c76b\" data-element_type=\"widget\" data-e-type=\"widget\" data-settings=\"{&quot;_animation&quot;:&quot;fadeIn&quot;,&quot;_animation_tablet&quot;:&quot;none&quot;}\" data-widget_type=\"heading.default\">\n\t\t\t\t<div class=\"elementor-widget-container\">\n\t\t\t\t\t<h1 class=\"elementor-heading-title elementor-size-default\">Dedicati a fornire l'eccellenza.<\/h1>\t\t\t\t<\/div>\n\t\t\t\t<\/div>\n\t\t\t\t<div class=\"elementor-element elementor-element-d0f6ac8 animated-slow elementor-invisible elementor-widget elementor-widget-heading\" data-id=\"d0f6ac8\" data-element_type=\"widget\" data-e-type=\"widget\" data-settings=\"{&quot;_animation&quot;:&quot;fadeIn&quot;,&quot;_animation_tablet&quot;:&quot;none&quot;,&quot;_animation_delay&quot;:300}\" data-widget_type=\"heading.default\">\n\t\t\t\t<div class=\"elementor-widget-container\">\n\t\t\t\t\t<p class=\"elementor-heading-title elementor-size-default\">Ognuno ha una storia. Ecco la nostra.<\/p>\t\t\t\t<\/div>\n\t\t\t\t<\/div>\n\t\t\t\t<div class=\"elementor-element elementor-element-e735dc0 elementor-widget elementor-widget-spacer\" data-id=\"e735dc0\" data-element_type=\"widget\" data-e-type=\"widget\" data-widget_type=\"spacer.default\">\n\t\t\t\t<div class=\"elementor-widget-container\">\n\t\t\t\t\t\t\t<div class=\"elementor-spacer\">\n\t\t\t<div class=\"elementor-spacer-inner\"><\/div>\n\t\t<\/div>\n\t\t\t\t\t\t<\/div>\n\t\t\t\t<\/div>\n\t\t\t\t\t<\/div>\n\t\t<\/div>\n\t\t\t\t\t<\/div>\n\t\t<\/section>\n\t\t\t\t<section class=\"elementor-section elementor-top-section elementor-element elementor-element-de2806a elementor-section-boxed elementor-section-height-default elementor-section-height-default\" data-id=\"de2806a\" data-element_type=\"section\" data-e-type=\"section\">\n\t\t\t\t\t\t<div class=\"elementor-container elementor-column-gap-no\">\n\t\t\t\t\t<div class=\"elementor-column elementor-col-100 elementor-top-column elementor-element elementor-element-858f2b0\" data-id=\"858f2b0\" data-element_type=\"column\" data-e-type=\"column\">\n\t\t\t<div class=\"elementor-widget-wrap elementor-element-populated\">\n\t\t\t\t\t\t<div class=\"elementor-element elementor-element-9c6a7cd elementor-view-default elementor-invisible elementor-widget elementor-widget-icon\" data-id=\"9c6a7cd\" data-element_type=\"widget\" data-e-type=\"widget\" data-settings=\"{&quot;sticky&quot;:&quot;top&quot;,&quot;sticky_offset&quot;:200,&quot;sticky_parent&quot;:&quot;yes&quot;,&quot;motion_fx_motion_fx_scrolling&quot;:&quot;yes&quot;,&quot;motion_fx_scale_effect&quot;:&quot;yes&quot;,&quot;motion_fx_scale_direction&quot;:&quot;out-in-out&quot;,&quot;motion_fx_scale_speed&quot;:{&quot;unit&quot;:&quot;px&quot;,&quot;size&quot;:8,&quot;sizes&quot;:[]},&quot;motion_fx_scale_range&quot;:{&quot;unit&quot;:&quot;%&quot;,&quot;size&quot;:&quot;&quot;,&quot;sizes&quot;:{&quot;start&quot;:15,&quot;end&quot;:50}},&quot;motion_fx_devices&quot;:[&quot;desktop&quot;,&quot;tablet&quot;],&quot;_animation&quot;:&quot;zoomIn&quot;,&quot;_animation_delay&quot;:200,&quot;_animation_mobile&quot;:&quot;none&quot;,&quot;sticky_on&quot;:[&quot;desktop&quot;,&quot;tablet&quot;,&quot;mobile&quot;],&quot;sticky_effects_offset&quot;:0}\" data-widget_type=\"icon.default\">\n\t\t\t\t<div class=\"elementor-widget-container\">\n\t\t\t\t\t\t\t<div class=\"elementor-icon-wrapper\">\n\t\t\t<div class=\"elementor-icon\">\n\t\t\t<i aria-hidden=\"true\" class=\"fas fa-dot-circle\"><\/i>\t\t\t<\/div>\n\t\t<\/div>\n\t\t\t\t\t\t<\/div>\n\t\t\t\t<\/div>\n\t\t\t\t<section class=\"elementor-section elementor-inner-section elementor-element elementor-element-741b698 elementor-section-boxed elementor-section-height-default elementor-section-height-default\" data-id=\"741b698\" data-element_type=\"section\" data-e-type=\"section\">\n\t\t\t\t\t\t<div class=\"elementor-container elementor-column-gap-default\">\n\t\t\t\t\t<div class=\"elementor-column elementor-col-50 elementor-inner-column elementor-element elementor-element-8931f7e\" data-id=\"8931f7e\" data-element_type=\"column\" data-e-type=\"column\">\n\t\t\t<div class=\"elementor-widget-wrap elementor-element-populated\">\n\t\t\t\t\t\t<div class=\"elementor-element elementor-element-e97807e elementor-widget__width-initial elementor-widget elementor-widget-image\" data-id=\"e97807e\" data-element_type=\"widget\" data-e-type=\"widget\" data-widget_type=\"image.default\">\n\t\t\t\t<div class=\"elementor-widget-container\">\n\t\t\t\t\t\t\t\t\t\t\t\t\t\t\t<img fetchpriority=\"high\" decoding=\"async\" width=\"683\" height=\"384\" src=\"https:\/\/tecnourbisacademy.it\/wp-content\/uploads\/2023\/03\/d13ae86c-7c55-4df2-969d-f0d79cb29f62.webp\" class=\"attachment-large size-large wp-image-987687\" alt=\"\" srcset=\"https:\/\/tecnourbisacademy.it\/wp-content\/uploads\/2023\/03\/d13ae86c-7c55-4df2-969d-f0d79cb29f62.webp 683w, https:\/\/tecnourbisacademy.it\/wp-content\/uploads\/2023\/03\/d13ae86c-7c55-4df2-969d-f0d79cb29f62-300x169.webp 300w\" sizes=\"(max-width: 683px) 100vw, 683px\" \/>\t\t\t\t\t\t\t\t\t\t\t\t\t\t\t<\/div>\n\t\t\t\t<\/div>\n\t\t\t\t\t<\/div>\n\t\t<\/div>\n\t\t\t\t<div class=\"elementor-column elementor-col-50 elementor-inner-column elementor-element elementor-element-9bc1642\" data-id=\"9bc1642\" data-element_type=\"column\" data-e-type=\"column\">\n\t\t\t<div class=\"elementor-widget-wrap elementor-element-populated\">\n\t\t\t\t\t\t<div class=\"elementor-element elementor-element-12e7d31 elementor-widget__width-auto elementor-absolute elementor-view-default elementor-widget elementor-widget-icon\" data-id=\"12e7d31\" data-element_type=\"widget\" data-e-type=\"widget\" data-settings=\"{&quot;_position&quot;:&quot;absolute&quot;}\" data-widget_type=\"icon.default\">\n\t\t\t\t<div class=\"elementor-widget-container\">\n\t\t\t\t\t\t\t<div class=\"elementor-icon-wrapper\">\n\t\t\t<div class=\"elementor-icon\">\n\t\t\t<i aria-hidden=\"true\" class=\"far fa-dot-circle\"><\/i>\t\t\t<\/div>\n\t\t<\/div>\n\t\t\t\t\t\t<\/div>\n\t\t\t\t<\/div>\n\t\t\t\t<div class=\"elementor-element elementor-element-e212345 elementor-widget elementor-widget-heading\" data-id=\"e212345\" data-element_type=\"widget\" data-e-type=\"widget\" data-widget_type=\"heading.default\">\n\t\t\t\t<div class=\"elementor-widget-container\">\n\t\t\t\t\t<h4 class=\"elementor-heading-title elementor-size-default\">L'inizio<\/h4>\t\t\t\t<\/div>\n\t\t\t\t<\/div>\n\t\t\t\t<div class=\"elementor-element elementor-element-3a52daa elementor-widget elementor-widget-text-editor\" data-id=\"3a52daa\" data-element_type=\"widget\" data-e-type=\"widget\" data-widget_type=\"text-editor.default\">\n\t\t\t\t<div class=\"elementor-widget-container\">\n\t\t\t\t\t\t\t\t\t<p>Il 15 maggio 2023 \u00e8 stata fondata l&#8217;Accademia TecnoUrbis per condurre ricerche, sperimentazioni e formazione su progetti legati alla tecnologia nei settori dell&#8217;ambiente, dell&#8217;energia, dello sviluppo locale e urbano, e delle attivit\u00e0 tecniche, economiche e produttive sostenibili. Ci\u00f2 \u00e8 stato reso possibile grazie ad un accordo firmato da CESAB (Centro di Ricerca in Scienze Ambientali e Biotecnologie), Studio Tecnico di Ingegneria Marrozzini e dall&#8217;Associazione CNOS-FAP Regione Lazio. L&#8217;obiettivo \u00e8 migliorare la qualit\u00e0 della vita dei cittadini.<\/p>\t\t\t\t\t\t\t\t<\/div>\n\t\t\t\t<\/div>\n\t\t\t\t\t<\/div>\n\t\t<\/div>\n\t\t\t\t\t<\/div>\n\t\t<\/section>\n\t\t\t\t<section class=\"elementor-section elementor-inner-section elementor-element elementor-element-72e9117 elementor-reverse-mobile elementor-section-boxed elementor-section-height-default elementor-section-height-default\" data-id=\"72e9117\" data-element_type=\"section\" data-e-type=\"section\">\n\t\t\t\t\t\t<div class=\"elementor-container elementor-column-gap-default\">\n\t\t\t\t\t<div class=\"elementor-column elementor-col-50 elementor-inner-column elementor-element elementor-element-666b6a6\" data-id=\"666b6a6\" data-element_type=\"column\" data-e-type=\"column\">\n\t\t\t<div class=\"elementor-widget-wrap elementor-element-populated\">\n\t\t\t\t\t\t<div class=\"elementor-element elementor-element-849194c elementor-widget elementor-widget-heading\" data-id=\"849194c\" data-element_type=\"widget\" data-e-type=\"widget\" data-widget_type=\"heading.default\">\n\t\t\t\t<div class=\"elementor-widget-container\">\n\t\t\t\t\t<h4 class=\"elementor-heading-title elementor-size-default\">L'obiettivo <\/h4>\t\t\t\t<\/div>\n\t\t\t\t<\/div>\n\t\t\t\t<div class=\"elementor-element elementor-element-1cc31e7 elementor-widget elementor-widget-text-editor\" data-id=\"1cc31e7\" data-element_type=\"widget\" data-e-type=\"widget\" data-widget_type=\"text-editor.default\">\n\t\t\t\t<div class=\"elementor-widget-container\">\n\t\t\t\t\t\t\t\t\t<p>Migliorare i servizi pubblici e la vita cittadina attraverso la tecnologia, la comunicazione, la mobilit\u00e0, l&#8217;ambiente e l&#8217;efficienza energetica. Semplificare la gestione urbana, ridurre i costi e fornire servizi pi\u00f9 semplici, intelligenti ed economici su misura per le esigenze dei cittadini.<\/p>\t\t\t\t\t\t\t\t<\/div>\n\t\t\t\t<\/div>\n\t\t\t\t\t<\/div>\n\t\t<\/div>\n\t\t\t\t<div class=\"elementor-column elementor-col-50 elementor-inner-column elementor-element elementor-element-0d201a1\" data-id=\"0d201a1\" data-element_type=\"column\" data-e-type=\"column\">\n\t\t\t<div class=\"elementor-widget-wrap elementor-element-populated\">\n\t\t\t\t\t\t<div class=\"elementor-element elementor-element-b1c3000 elementor-widget__width-auto elementor-absolute elementor-view-default elementor-widget elementor-widget-icon\" data-id=\"b1c3000\" data-element_type=\"widget\" data-e-type=\"widget\" data-settings=\"{&quot;_position&quot;:&quot;absolute&quot;}\" data-widget_type=\"icon.default\">\n\t\t\t\t<div class=\"elementor-widget-container\">\n\t\t\t\t\t\t\t<div class=\"elementor-icon-wrapper\">\n\t\t\t<div class=\"elementor-icon\">\n\t\t\t<i aria-hidden=\"true\" class=\"far fa-dot-circle\"><\/i>\t\t\t<\/div>\n\t\t<\/div>\n\t\t\t\t\t\t<\/div>\n\t\t\t\t<\/div>\n\t\t\t\t<div class=\"elementor-element elementor-element-b065953 elementor-widget elementor-widget-image\" data-id=\"b065953\" data-element_type=\"widget\" data-e-type=\"widget\" data-widget_type=\"image.default\">\n\t\t\t\t<div class=\"elementor-widget-container\">\n\t\t\t\t\t\t\t\t\t\t\t\t\t\t\t<img decoding=\"async\" width=\"566\" height=\"508\" src=\"https:\/\/tecnourbisacademy.it\/wp-content\/uploads\/2023\/03\/austin-distel-wD1LRb9OeEo-unsplash.jpg\" class=\"attachment-large size-large wp-image-4136\" alt=\"\" srcset=\"https:\/\/tecnourbisacademy.it\/wp-content\/uploads\/2023\/03\/austin-distel-wD1LRb9OeEo-unsplash.jpg 566w, https:\/\/tecnourbisacademy.it\/wp-content\/uploads\/2023\/03\/austin-distel-wD1LRb9OeEo-unsplash-300x269.jpg 300w\" sizes=\"(max-width: 566px) 100vw, 566px\" \/>\t\t\t\t\t\t\t\t\t\t\t\t\t\t\t<\/div>\n\t\t\t\t<\/div>\n\t\t\t\t\t<\/div>\n\t\t<\/div>\n\t\t\t\t\t<\/div>\n\t\t<\/section>\n\t\t\t\t<section class=\"elementor-section elementor-inner-section elementor-element elementor-element-08422ce elementor-section-boxed elementor-section-height-default elementor-section-height-default\" data-id=\"08422ce\" data-element_type=\"section\" data-e-type=\"section\">\n\t\t\t\t\t\t<div class=\"elementor-container elementor-column-gap-default\">\n\t\t\t\t\t<div class=\"elementor-column elementor-col-50 elementor-inner-column elementor-element elementor-element-aef0697\" data-id=\"aef0697\" data-element_type=\"column\" data-e-type=\"column\">\n\t\t\t<div class=\"elementor-widget-wrap elementor-element-populated\">\n\t\t\t\t\t\t<div class=\"elementor-element elementor-element-5d42005 elementor-widget elementor-widget-image\" data-id=\"5d42005\" data-element_type=\"widget\" data-e-type=\"widget\" data-widget_type=\"image.default\">\n\t\t\t\t<div class=\"elementor-widget-container\">\n\t\t\t\t\t\t\t\t\t\t\t\t\t\t\t<img decoding=\"async\" width=\"566\" height=\"428\" src=\"https:\/\/tecnourbisacademy.it\/wp-content\/uploads\/2023\/03\/desola-lanre-ologun-IgUR1iX0mqM-unsplash.jpg\" class=\"attachment-large size-large wp-image-4137\" alt=\"\" srcset=\"https:\/\/tecnourbisacademy.it\/wp-content\/uploads\/2023\/03\/desola-lanre-ologun-IgUR1iX0mqM-unsplash.jpg 566w, https:\/\/tecnourbisacademy.it\/wp-content\/uploads\/2023\/03\/desola-lanre-ologun-IgUR1iX0mqM-unsplash-300x227.jpg 300w\" sizes=\"(max-width: 566px) 100vw, 566px\" \/>\t\t\t\t\t\t\t\t\t\t\t\t\t\t\t<\/div>\n\t\t\t\t<\/div>\n\t\t\t\t\t<\/div>\n\t\t<\/div>\n\t\t\t\t<div class=\"elementor-column elementor-col-50 elementor-inner-column elementor-element elementor-element-549455a\" data-id=\"549455a\" data-element_type=\"column\" data-e-type=\"column\">\n\t\t\t<div class=\"elementor-widget-wrap elementor-element-populated\">\n\t\t\t\t\t\t<div class=\"elementor-element elementor-element-b3cdf26 elementor-widget__width-auto elementor-absolute elementor-view-default elementor-widget elementor-widget-icon\" data-id=\"b3cdf26\" data-element_type=\"widget\" data-e-type=\"widget\" data-settings=\"{&quot;_position&quot;:&quot;absolute&quot;}\" data-widget_type=\"icon.default\">\n\t\t\t\t<div class=\"elementor-widget-container\">\n\t\t\t\t\t\t\t<div class=\"elementor-icon-wrapper\">\n\t\t\t<div class=\"elementor-icon\">\n\t\t\t<i aria-hidden=\"true\" class=\"far fa-dot-circle\"><\/i>\t\t\t<\/div>\n\t\t<\/div>\n\t\t\t\t\t\t<\/div>\n\t\t\t\t<\/div>\n\t\t\t\t<div class=\"elementor-element elementor-element-206d869 elementor-widget elementor-widget-heading\" data-id=\"206d869\" data-element_type=\"widget\" data-e-type=\"widget\" data-widget_type=\"heading.default\">\n\t\t\t\t<div class=\"elementor-widget-container\">\n\t\t\t\t\t<h4 class=\"elementor-heading-title elementor-size-default\">Adesioni<\/h4>\t\t\t\t<\/div>\n\t\t\t\t<\/div>\n\t\t\t\t<div class=\"elementor-element elementor-element-f5f399e elementor-widget elementor-widget-text-editor\" data-id=\"f5f399e\" data-element_type=\"widget\" data-e-type=\"widget\" data-widget_type=\"text-editor.default\">\n\t\t\t\t<div class=\"elementor-widget-container\">\n\t\t\t\t\t\t\t\t\t<p><span style=\"font-weight: 400;\">Possono aderire a \u201cTecnoUrbis Academy\u201d imprenditori, singoli o associati, persone fisiche o giuridiche interessate ai settori di attivit\u00e0 coinvolti.<\/span><\/p>\t\t\t\t\t\t\t\t<\/div>\n\t\t\t\t<\/div>\n\t\t\t\t\t<\/div>\n\t\t<\/div>\n\t\t\t\t\t<\/div>\n\t\t<\/section>\n\t\t\t\t\t<\/div>\n\t\t<\/div>\n\t\t\t\t\t<\/div>\n\t\t<\/section>\n\t\t\t\t<\/div>\n\t\t","protected":false},"excerpt":{"rendered":"<p>Dedicati a fornire l&#8217;eccellenza. Ognuno ha una storia. Ecco la nostra. L&#8217;inizio Il 15 maggio 2023 \u00e8 stata fondata l&#8217;Accademia TecnoUrbis per condurre ricerche, sperimentazioni e formazione su progetti legati alla tecnologia nei settori dell&#8217;ambiente, dell&#8217;energia, dello sviluppo locale e urbano, e delle attivit\u00e0 tecniche, economiche e produttive sostenibili. Ci\u00f2 \u00e8 stato reso possibile grazie&#8230;<\/p>\n","protected":false},"author":1,"featured_media":0,"parent":0,"menu_order":0,"comment_status":"closed","ping_status":"closed","template":"","meta":{"footnotes":""},"class_list":["post-85","page","type-page","status-publish","hentry"],"yoast_head":"<!-- This site is optimized with the Yoast SEO plugin v27.5 - https:\/\/yoast.com\/product\/yoast-seo-wordpress\/ -->\n<title>Chi siamo - TecnoUrbis Academy<\/title>\n<meta name=\"robots\" content=\"index, follow, max-snippet:-1, max-image-preview:large, max-video-preview:-1\" \/>\n<link rel=\"canonical\" href=\"https:\/\/tecnourbisacademy.it\/index.php\/chisiamo\/\" \/>\n<meta property=\"og:locale\" content=\"en_US\" \/>\n<meta property=\"og:type\" content=\"article\" \/>\n<meta property=\"og:title\" content=\"Chi siamo - TecnoUrbis Academy\" \/>\n<meta property=\"og:description\" content=\"Dedicati a fornire l&#8217;eccellenza. Ognuno ha una storia. Ecco la nostra. L&#8217;inizio Il 15 maggio 2023 \u00e8 stata fondata l&#8217;Accademia TecnoUrbis per condurre ricerche, sperimentazioni e formazione su progetti legati alla tecnologia nei settori dell&#8217;ambiente, dell&#8217;energia, dello sviluppo locale e urbano, e delle attivit\u00e0 tecniche, economiche e produttive sostenibili. Ci\u00f2 \u00e8 stato reso possibile grazie...\" \/>\n<meta property=\"og:url\" content=\"https:\/\/tecnourbisacademy.it\/index.php\/chisiamo\/\" \/>\n<meta property=\"og:site_name\" content=\"TecnoUrbis Academy\" \/>\n<meta property=\"article:modified_time\" content=\"2023-06-25T13:05:47+00:00\" \/>\n<meta property=\"og:image\" content=\"https:\/\/tecnourbisacademy.it\/wp-content\/uploads\/2023\/03\/d13ae86c-7c55-4df2-969d-f0d79cb29f62.webp\" \/>\n<meta name=\"twitter:card\" content=\"summary_large_image\" \/>\n<meta name=\"twitter:label1\" content=\"Est. reading time\" \/>\n\t<meta name=\"twitter:data1\" content=\"2 minutes\" \/>\n<script type=\"application\/ld+json\" class=\"yoast-schema-graph\">{\"@context\":\"https:\\\/\\\/schema.org\",\"@graph\":[{\"@type\":\"WebPage\",\"@id\":\"https:\\\/\\\/tecnourbisacademy.it\\\/index.php\\\/chisiamo\\\/\",\"url\":\"https:\\\/\\\/tecnourbisacademy.it\\\/index.php\\\/chisiamo\\\/\",\"name\":\"Chi siamo - TecnoUrbis Academy\",\"isPartOf\":{\"@id\":\"https:\\\/\\\/tecnourbisacademy.it\\\/#website\"},\"primaryImageOfPage\":{\"@id\":\"https:\\\/\\\/tecnourbisacademy.it\\\/index.php\\\/chisiamo\\\/#primaryimage\"},\"image\":{\"@id\":\"https:\\\/\\\/tecnourbisacademy.it\\\/index.php\\\/chisiamo\\\/#primaryimage\"},\"thumbnailUrl\":\"https:\\\/\\\/tecnourbisacademy.it\\\/wp-content\\\/uploads\\\/2023\\\/03\\\/d13ae86c-7c55-4df2-969d-f0d79cb29f62.webp\",\"datePublished\":\"2023-03-09T12:53:47+00:00\",\"dateModified\":\"2023-06-25T13:05:47+00:00\",\"breadcrumb\":{\"@id\":\"https:\\\/\\\/tecnourbisacademy.it\\\/index.php\\\/chisiamo\\\/#breadcrumb\"},\"inLanguage\":\"en-US\",\"potentialAction\":[{\"@type\":\"ReadAction\",\"target\":[\"https:\\\/\\\/tecnourbisacademy.it\\\/index.php\\\/chisiamo\\\/\"]}]},{\"@type\":\"ImageObject\",\"inLanguage\":\"en-US\",\"@id\":\"https:\\\/\\\/tecnourbisacademy.it\\\/index.php\\\/chisiamo\\\/#primaryimage\",\"url\":\"https:\\\/\\\/tecnourbisacademy.it\\\/wp-content\\\/uploads\\\/2023\\\/03\\\/d13ae86c-7c55-4df2-969d-f0d79cb29f62.webp\",\"contentUrl\":\"https:\\\/\\\/tecnourbisacademy.it\\\/wp-content\\\/uploads\\\/2023\\\/03\\\/d13ae86c-7c55-4df2-969d-f0d79cb29f62.webp\",\"width\":683,\"height\":384},{\"@type\":\"BreadcrumbList\",\"@id\":\"https:\\\/\\\/tecnourbisacademy.it\\\/index.php\\\/chisiamo\\\/#breadcrumb\",\"itemListElement\":[{\"@type\":\"ListItem\",\"position\":1,\"name\":\"Home\",\"item\":\"https:\\\/\\\/tecnourbisacademy.it\\\/\"},{\"@type\":\"ListItem\",\"position\":2,\"name\":\"Chi siamo\"}]},{\"@type\":\"WebSite\",\"@id\":\"https:\\\/\\\/tecnourbisacademy.it\\\/#website\",\"url\":\"https:\\\/\\\/tecnourbisacademy.it\\\/\",\"name\":\"TecnoUrbis Academy\",\"description\":\"\",\"publisher\":{\"@id\":\"https:\\\/\\\/tecnourbisacademy.it\\\/#organization\"},\"potentialAction\":[{\"@type\":\"SearchAction\",\"target\":{\"@type\":\"EntryPoint\",\"urlTemplate\":\"https:\\\/\\\/tecnourbisacademy.it\\\/?s={search_term_string}\"},\"query-input\":{\"@type\":\"PropertyValueSpecification\",\"valueRequired\":true,\"valueName\":\"search_term_string\"}}],\"inLanguage\":\"en-US\"},{\"@type\":\"Organization\",\"@id\":\"https:\\\/\\\/tecnourbisacademy.it\\\/#organization\",\"name\":\"TecnoUrbis Academy\",\"url\":\"https:\\\/\\\/tecnourbisacademy.it\\\/\",\"logo\":{\"@type\":\"ImageObject\",\"inLanguage\":\"en-US\",\"@id\":\"https:\\\/\\\/tecnourbisacademy.it\\\/#\\\/schema\\\/logo\\\/image\\\/\",\"url\":\"https:\\\/\\\/tecnourbisacademy.it\\\/wp-content\\\/uploads\\\/2023\\\/03\\\/TecnoUrbis-Academy.png\",\"contentUrl\":\"https:\\\/\\\/tecnourbisacademy.it\\\/wp-content\\\/uploads\\\/2023\\\/03\\\/TecnoUrbis-Academy.png\",\"width\":340,\"height\":39,\"caption\":\"TecnoUrbis Academy\"},\"image\":{\"@id\":\"https:\\\/\\\/tecnourbisacademy.it\\\/#\\\/schema\\\/logo\\\/image\\\/\"}}]}<\/script>\n<!-- \/ Yoast SEO plugin. -->","yoast_head_json":{"title":"Chi siamo - TecnoUrbis Academy","robots":{"index":"index","follow":"follow","max-snippet":"max-snippet:-1","max-image-preview":"max-image-preview:large","max-video-preview":"max-video-preview:-1"},"canonical":"https:\/\/tecnourbisacademy.it\/index.php\/chisiamo\/","og_locale":"en_US","og_type":"article","og_title":"Chi siamo - TecnoUrbis Academy","og_description":"Dedicati a fornire l&#8217;eccellenza. Ognuno ha una storia. Ecco la nostra. L&#8217;inizio Il 15 maggio 2023 \u00e8 stata fondata l&#8217;Accademia TecnoUrbis per condurre ricerche, sperimentazioni e formazione su progetti legati alla tecnologia nei settori dell&#8217;ambiente, dell&#8217;energia, dello sviluppo locale e urbano, e delle attivit\u00e0 tecniche, economiche e produttive sostenibili. Ci\u00f2 \u00e8 stato reso possibile grazie...","og_url":"https:\/\/tecnourbisacademy.it\/index.php\/chisiamo\/","og_site_name":"TecnoUrbis Academy","article_modified_time":"2023-06-25T13:05:47+00:00","og_image":[{"url":"https:\/\/tecnourbisacademy.it\/wp-content\/uploads\/2023\/03\/d13ae86c-7c55-4df2-969d-f0d79cb29f62.webp","type":"","width":"","height":""}],"twitter_card":"summary_large_image","twitter_misc":{"Est. reading time":"2 minutes"},"schema":{"@context":"https:\/\/schema.org","@graph":[{"@type":"WebPage","@id":"https:\/\/tecnourbisacademy.it\/index.php\/chisiamo\/","url":"https:\/\/tecnourbisacademy.it\/index.php\/chisiamo\/","name":"Chi siamo - TecnoUrbis Academy","isPartOf":{"@id":"https:\/\/tecnourbisacademy.it\/#website"},"primaryImageOfPage":{"@id":"https:\/\/tecnourbisacademy.it\/index.php\/chisiamo\/#primaryimage"},"image":{"@id":"https:\/\/tecnourbisacademy.it\/index.php\/chisiamo\/#primaryimage"},"thumbnailUrl":"https:\/\/tecnourbisacademy.it\/wp-content\/uploads\/2023\/03\/d13ae86c-7c55-4df2-969d-f0d79cb29f62.webp","datePublished":"2023-03-09T12:53:47+00:00","dateModified":"2023-06-25T13:05:47+00:00","breadcrumb":{"@id":"https:\/\/tecnourbisacademy.it\/index.php\/chisiamo\/#breadcrumb"},"inLanguage":"en-US","potentialAction":[{"@type":"ReadAction","target":["https:\/\/tecnourbisacademy.it\/index.php\/chisiamo\/"]}]},{"@type":"ImageObject","inLanguage":"en-US","@id":"https:\/\/tecnourbisacademy.it\/index.php\/chisiamo\/#primaryimage","url":"https:\/\/tecnourbisacademy.it\/wp-content\/uploads\/2023\/03\/d13ae86c-7c55-4df2-969d-f0d79cb29f62.webp","contentUrl":"https:\/\/tecnourbisacademy.it\/wp-content\/uploads\/2023\/03\/d13ae86c-7c55-4df2-969d-f0d79cb29f62.webp","width":683,"height":384},{"@type":"BreadcrumbList","@id":"https:\/\/tecnourbisacademy.it\/index.php\/chisiamo\/#breadcrumb","itemListElement":[{"@type":"ListItem","position":1,"name":"Home","item":"https:\/\/tecnourbisacademy.it\/"},{"@type":"ListItem","position":2,"name":"Chi siamo"}]},{"@type":"WebSite","@id":"https:\/\/tecnourbisacademy.it\/#website","url":"https:\/\/tecnourbisacademy.it\/","name":"TecnoUrbis Academy","description":"","publisher":{"@id":"https:\/\/tecnourbisacademy.it\/#organization"},"potentialAction":[{"@type":"SearchAction","target":{"@type":"EntryPoint","urlTemplate":"https:\/\/tecnourbisacademy.it\/?s={search_term_string}"},"query-input":{"@type":"PropertyValueSpecification","valueRequired":true,"valueName":"search_term_string"}}],"inLanguage":"en-US"},{"@type":"Organization","@id":"https:\/\/tecnourbisacademy.it\/#organization","name":"TecnoUrbis Academy","url":"https:\/\/tecnourbisacademy.it\/","logo":{"@type":"ImageObject","inLanguage":"en-US","@id":"https:\/\/tecnourbisacademy.it\/#\/schema\/logo\/image\/","url":"https:\/\/tecnourbisacademy.it\/wp-content\/uploads\/2023\/03\/TecnoUrbis-Academy.png","contentUrl":"https:\/\/tecnourbisacademy.it\/wp-content\/uploads\/2023\/03\/TecnoUrbis-Academy.png","width":340,"height":39,"caption":"TecnoUrbis Academy"},"image":{"@id":"https:\/\/tecnourbisacademy.it\/#\/schema\/logo\/image\/"}}]}},"_links":{"self":[{"href":"https:\/\/tecnourbisacademy.it\/index.php\/wp-json\/wp\/v2\/pages\/85","targetHints":{"allow":["GET"]}}],"collection":[{"href":"https:\/\/tecnourbisacademy.it\/index.php\/wp-json\/wp\/v2\/pages"}],"about":[{"href":"https:\/\/tecnourbisacademy.it\/index.php\/wp-json\/wp\/v2\/types\/page"}],"author":[{"embeddable":true,"href":"https:\/\/tecnourbisacademy.it\/index.php\/wp-json\/wp\/v2\/users\/1"}],"replies":[{"embeddable":true,"href":"https:\/\/tecnourbisacademy.it\/index.php\/wp-json\/wp\/v2\/comments?post=85"}],"version-history":[{"count":4,"href":"https:\/\/tecnourbisacademy.it\/index.php\/wp-json\/wp\/v2\/pages\/85\/revisions"}],"predecessor-version":[{"id":987691,"href":"https:\/\/tecnourbisacademy.it\/index.php\/wp-json\/wp\/v2\/pages\/85\/revisions\/987691"}],"wp:attachment":[{"href":"https:\/\/tecnourbisacademy.it\/index.php\/wp-json\/wp\/v2\/media?parent=85"}],"curies":[{"name":"wp","href":"https:\/\/api.w.org\/{rel}","templated":true}]}}